{"id":1566,"date":"2025-04-15T19:20:51","date_gmt":"2025-04-15T19:20:51","guid":{"rendered":"https:\/\/www.bluecirclehealth.org\/?page_id=1566"},"modified":"2025-11-04T15:21:04","modified_gmt":"2025-11-04T15:21:04","slug":"careers","status":"publish","type":"page","link":"https:\/\/www.bluecirclehealth.org\/es\/careers\/","title":{"rendered":"Carreras"},"content":{"rendered":"<div data-elementor-type=\"wp-page\" data-elementor-id=\"1566\" class=\"elementor elementor-1566\" data-elementor-post-type=\"page\">\n\t\t\t\t<div class=\"elementor-element elementor-element-8e7c34c e-con-full e-flex e-con e-parent\" data-id=\"8e7c34c\" data-element_type=\"container\" data-e-type=\"container\" data-settings=\"{&quot;background_background&quot;:&quot;classic&quot;}\">\n\t\t<div class=\"elementor-element elementor-element-445b9ee e-con-full e-flex e-con e-child\" data-id=\"445b9ee\" data-element_type=\"container\" data-e-type=\"container\">\n\t\t\t\t<div class=\"elementor-element elementor-element-d8ac64f elementor-widget__width-initial elementor-widget elementor-widget-heading\" data-id=\"d8ac64f\" data-element_type=\"widget\" data-e-type=\"widget\" data-widget_type=\"heading.default\">\n\t\t\t\t<div class=\"elementor-widget-container\">\n\t\t\t\t\t<h1 class=\"elementor-heading-title elementor-size-default\">Transformando la atenci\u00f3n de la diabetes, juntos<\/h1>\t\t\t\t<\/div>\n\t\t\t\t<\/div>\n\t\t\t\t<\/div>\n\t\t<div class=\"elementor-element elementor-element-250b537 e-con-full e-flex e-con e-child\" data-id=\"250b537\" data-element_type=\"container\" data-e-type=\"container\">\n\t\t\t\t<div class=\"elementor-element elementor-element-c79cb0a elementor-widget elementor-widget-text-editor\" data-id=\"c79cb0a\" data-element_type=\"widget\" data-e-type=\"widget\" data-widget_type=\"text-editor.default\">\n\t\t\t\t<div class=\"elementor-widget-container\">\n\t\t\t\t\t\t\t\t\t<p>En Blue Circle Health, nos hemos convertido en una fuente confiable de esperanza y atenci\u00f3n para personas con diabetes tipo 1. Demostramos lo que es posible cuando la atenci\u00f3n m\u00e9dica prioriza a las personas y compartimos nuestros conocimientos para impulsar a toda la comunidad. Si te apasiona la misi\u00f3n y est\u00e1s listo para generar un cambio real, nos encantar\u00eda conocerte.<\/p>\t\t\t\t\t\t\t\t<\/div>\n\t\t\t\t<\/div>\n\t\t\t\t<\/div>\n\t\t\t\t<\/div>\n\t\t<div class=\"elementor-element elementor-element-681fd18 e-flex e-con-boxed e-con e-parent\" data-id=\"681fd18\" data-element_type=\"container\" data-e-type=\"container\">\n\t\t\t\t\t<div class=\"e-con-inner\">\n\t\t<div class=\"elementor-element elementor-element-ff2ac0a e-flex e-con-boxed e-con e-child\" data-id=\"ff2ac0a\" data-element_type=\"container\" data-e-type=\"container\">\n\t\t\t\t\t<div class=\"e-con-inner\">\n\t\t\t\t<div class=\"elementor-element elementor-element-05138f0 elementor-widget elementor-widget-heading\" data-id=\"05138f0\" data-element_type=\"widget\" data-e-type=\"widget\" data-widget_type=\"heading.default\">\n\t\t\t\t<div class=\"elementor-widget-container\">\n\t\t\t\t\t<h2 class=\"elementor-heading-title elementor-size-default\">Ofertas de empleo<\/h2>\t\t\t\t<\/div>\n\t\t\t\t<\/div>\n\t\t\t\t<div class=\"elementor-element elementor-element-2620d32 elementor-widget elementor-widget-shortcode\" data-id=\"2620d32\" data-element_type=\"widget\" data-e-type=\"widget\" data-widget_type=\"shortcode.default\">\n\t\t\t\t<div class=\"elementor-widget-container\">\n\t\t\t\t\t\t\t<div class=\"elementor-shortcode\"><style>\r\n        .hibob-job {\r\n            margin-bottom: 25px;\r\n        }\r\n        .hibob-job-cta {\r\n            margin-top: 10px;\r\n            margin-bottom: 10px;\r\n        }\r\n    <\/style><div class=\"hibob-job\" data-job-id=\"0328fd18-7048-4673-92ad-9ccde93d408a\">  <h3 class=\"hibob-job-title\"><a href=\"https:\/\/bluecirclehealth.careers.hibob.com\/jobs\/0328fd18-7048-4673-92ad-9ccde93d408a\" target=\"_blank\" rel=\"noopener noreferrer\">Senior T1D Guide &amp; Trainer<\/a><\/h3>  <div class=\"hibob-job-meta\"><div class=\"hibob-job-department\"><strong>Department:<\/strong> Mentoring<\/div><div class=\"hibob-job-employment-type\"><strong>Type:<\/strong> Standard Full Time<\/div><div class=\"hibob-job-site\"><strong>Location:<\/strong> Remote United States<\/div>  <\/div>  <div class=\"hibob-job-cta\">    <a class=\"elementor-button elementor-button-link elementor-size-md\" href=\"https:\/\/bluecirclehealth.careers.hibob.com\/jobs\/0328fd18-7048-4673-92ad-9ccde93d408a\/apply\" target=\"_blank\" rel=\"noopener noreferrer\">      <span class=\"elementor-button-content-wrapper\"><span class=\"elementor-button-text\">Apply<\/span><\/span>    <\/a>  <\/div><\/div><\/div>\n\t\t\t\t\t\t<\/div>\n\t\t\t\t<\/div>\n\t\t\t\t<div class=\"elementor-element elementor-element-f208e4c elementor-widget elementor-widget-text-editor\" data-id=\"f208e4c\" data-element_type=\"widget\" data-e-type=\"widget\" data-widget_type=\"text-editor.default\">\n\t\t\t\t<div class=\"elementor-widget-container\">\n\t\t\t\t\t\t\t\t\t<p>\u00bfNo encuentras el trabajo que buscas? Haz clic a continuaci\u00f3n para unirte a nuestra bolsa de talentos y recibir notificaciones sobre futuras vacantes.<\/p>\t\t\t\t\t\t\t\t<\/div>\n\t\t\t\t<\/div>\n\t\t\t\t<div class=\"elementor-element elementor-element-fbb428e elementor-align-center elementor-mobile-align-justify elementor-widget elementor-widget-button\" data-id=\"fbb428e\" data-element_type=\"widget\" data-e-type=\"widget\" data-widget_type=\"button.default\">\n\t\t\t\t<div class=\"elementor-widget-container\">\n\t\t\t\t\t\t\t\t\t<div class=\"elementor-button-wrapper\">\n\t\t\t\t\t<a class=\"elementor-button elementor-button-link elementor-size-sm\" href=\"https:\/\/docs.google.com\/forms\/d\/e\/1FAIpQLSfC_paTB6rStCAOwfDirDoGopYnKmz2H-Xwu8ViVZnOgB4DhA\/viewform\" target=\"_blank\">\n\t\t\t\t\t\t<span class=\"elementor-button-content-wrapper\">\n\t\t\t\t\t\t\t\t\t<span class=\"elementor-button-text\">\u00danase a nuestro grupo de talentos<\/span>\n\t\t\t\t\t<\/span>\n\t\t\t\t\t<\/a>\n\t\t\t\t<\/div>\n\t\t\t\t\t\t\t\t<\/div>\n\t\t\t\t<\/div>\n\t\t\t\t\t<\/div>\n\t\t\t\t<\/div>\n\t\t\t\t\t<\/div>\n\t\t\t\t<\/div>\n\t\t\t\t<\/div>","protected":false},"excerpt":{"rendered":"<p>Transforming Diabetes Care, Together At Blue Circle Health, we\u2019ve grown into a trusted source of hope and care for people with type 1 diabetes. We\u2019re proving what\u2019s possible when healthcare puts people first and sharing what we learn to lift the whole community. If you\u2019re mission-driven and ready to make real change, we\u2019d love to [&hellip;]<\/p>\n","protected":false},"author":10,"featured_media":0,"parent":0,"menu_order":0,"comment_status":"closed","ping_status":"closed","template":"","meta":{"_acf_changed":false,"footnotes":""},"class_list":["post-1566","page","type-page","status-publish","hentry"],"acf":[],"yoast_head":"<!-- This site is optimized with the Yoast SEO plugin v27.5 - https:\/\/yoast.com\/product\/yoast-seo-wordpress\/ -->\n<title>Careers - Blue Circle Health<\/title>\n<meta name=\"robots\" content=\"index, follow, max-snippet:-1, max-image-preview:large, max-video-preview:-1\" \/>\n<link rel=\"canonical\" href=\"https:\/\/www.bluecirclehealth.org\/es\/careers\/\" \/>\n<meta property=\"og:locale\" content=\"es_ES\" \/>\n<meta property=\"og:type\" content=\"article\" \/>\n<meta property=\"og:title\" content=\"Careers - Blue Circle Health\" \/>\n<meta property=\"og:description\" content=\"Transforming Diabetes Care, Together At Blue Circle Health, we\u2019ve grown into a trusted source of hope and care for people with type 1 diabetes. We\u2019re proving what\u2019s possible when healthcare puts people first and sharing what we learn to lift the whole community. If you\u2019re mission-driven and ready to make real change, we\u2019d love to [&hellip;]\" \/>\n<meta property=\"og:url\" content=\"https:\/\/www.bluecirclehealth.org\/es\/careers\/\" \/>\n<meta property=\"og:site_name\" content=\"Blue Circle Health\" \/>\n<meta property=\"article:publisher\" content=\"https:\/\/www.facebook.com\/BlueCircleHealth\/\" \/>\n<meta property=\"article:modified_time\" content=\"2025-11-04T15:21:04+00:00\" \/>\n<meta name=\"twitter:card\" content=\"summary_large_image\" \/>\n<meta name=\"twitter:label1\" content=\"Tiempo de lectura\" \/>\n\t<meta name=\"twitter:data1\" content=\"1 minuto\" \/>\n<script type=\"application\/ld+json\" class=\"yoast-schema-graph\">{\"@context\":\"https:\\\/\\\/schema.org\",\"@graph\":[{\"@type\":\"WebPage\",\"@id\":\"https:\\\/\\\/www.bluecirclehealth.org\\\/careers\\\/\",\"url\":\"https:\\\/\\\/www.bluecirclehealth.org\\\/careers\\\/\",\"name\":\"Careers - Blue Circle Health\",\"isPartOf\":{\"@id\":\"https:\\\/\\\/www.bluecirclehealth.org\\\/#website\"},\"datePublished\":\"2025-04-15T19:20:51+00:00\",\"dateModified\":\"2025-11-04T15:21:04+00:00\",\"breadcrumb\":{\"@id\":\"https:\\\/\\\/www.bluecirclehealth.org\\\/careers\\\/#breadcrumb\"},\"inLanguage\":\"es\",\"potentialAction\":[{\"@type\":\"ReadAction\",\"target\":[\"https:\\\/\\\/www.bluecirclehealth.org\\\/careers\\\/\"]}]},{\"@type\":\"BreadcrumbList\",\"@id\":\"https:\\\/\\\/www.bluecirclehealth.org\\\/careers\\\/#breadcrumb\",\"itemListElement\":[{\"@type\":\"ListItem\",\"position\":1,\"name\":\"Home\",\"item\":\"https:\\\/\\\/www.bluecirclehealth.org\\\/\"},{\"@type\":\"ListItem\",\"position\":2,\"name\":\"Careers\"}]},{\"@type\":\"WebSite\",\"@id\":\"https:\\\/\\\/www.bluecirclehealth.org\\\/#website\",\"url\":\"https:\\\/\\\/www.bluecirclehealth.org\\\/\",\"name\":\"Blue Circle Health\",\"description\":\"Removing Barriers to Type 1 Diabetes Care\",\"publisher\":{\"@id\":\"https:\\\/\\\/www.bluecirclehealth.org\\\/#organization\"},\"potentialAction\":[{\"@type\":\"SearchAction\",\"target\":{\"@type\":\"EntryPoint\",\"urlTemplate\":\"https:\\\/\\\/www.bluecirclehealth.org\\\/?s={search_term_string}\"},\"query-input\":{\"@type\":\"PropertyValueSpecification\",\"valueRequired\":true,\"valueName\":\"search_term_string\"}}],\"inLanguage\":\"es\"},{\"@type\":\"Organization\",\"@id\":\"https:\\\/\\\/www.bluecirclehealth.org\\\/#organization\",\"name\":\"Blue Circle Health\",\"url\":\"https:\\\/\\\/www.bluecirclehealth.org\\\/\",\"logo\":{\"@type\":\"ImageObject\",\"inLanguage\":\"es\",\"@id\":\"https:\\\/\\\/www.bluecirclehealth.org\\\/#\\\/schema\\\/logo\\\/image\\\/\",\"url\":\"https:\\\/\\\/www.bluecirclehealth.org\\\/wp-content\\\/uploads\\\/2022\\\/07\\\/Blue-Circle-Health-Master-Logos-RGB-Horizontal-Logo-Updated-Orange.svg\",\"contentUrl\":\"https:\\\/\\\/www.bluecirclehealth.org\\\/wp-content\\\/uploads\\\/2022\\\/07\\\/Blue-Circle-Health-Master-Logos-RGB-Horizontal-Logo-Updated-Orange.svg\",\"width\":853,\"height\":231,\"caption\":\"Blue Circle Health\"},\"image\":{\"@id\":\"https:\\\/\\\/www.bluecirclehealth.org\\\/#\\\/schema\\\/logo\\\/image\\\/\"},\"sameAs\":[\"https:\\\/\\\/www.facebook.com\\\/BlueCircleHealth\\\/\",\"https:\\\/\\\/www.instagram.com\\\/bluecirclehealth\\\/\",\"https:\\\/\\\/www.linkedin.com\\\/company\\\/bluecirclehealth\\\/\",\"https:\\\/\\\/www.tiktok.com\\\/@bluecirclehealth\",\"https:\\\/\\\/www.youtube.com\\\/@bluecirclehealth\"]}]}<\/script>\n<!-- \/ Yoast SEO plugin. -->","yoast_head_json":{"title":"Careers - Blue Circle Health","robots":{"index":"index","follow":"follow","max-snippet":"max-snippet:-1","max-image-preview":"max-image-preview:large","max-video-preview":"max-video-preview:-1"},"canonical":"https:\/\/www.bluecirclehealth.org\/es\/careers\/","og_locale":"es_ES","og_type":"article","og_title":"Careers - Blue Circle Health","og_description":"Transforming Diabetes Care, Together At Blue Circle Health, we\u2019ve grown into a trusted source of hope and care for people with type 1 diabetes. We\u2019re proving what\u2019s possible when healthcare puts people first and sharing what we learn to lift the whole community. If you\u2019re mission-driven and ready to make real change, we\u2019d love to [&hellip;]","og_url":"https:\/\/www.bluecirclehealth.org\/es\/careers\/","og_site_name":"Blue Circle Health","article_publisher":"https:\/\/www.facebook.com\/BlueCircleHealth\/","article_modified_time":"2025-11-04T15:21:04+00:00","twitter_card":"summary_large_image","twitter_misc":{"Tiempo de lectura":"1 minuto"},"schema":{"@context":"https:\/\/schema.org","@graph":[{"@type":"WebPage","@id":"https:\/\/www.bluecirclehealth.org\/careers\/","url":"https:\/\/www.bluecirclehealth.org\/careers\/","name":"Careers - Blue Circle Health","isPartOf":{"@id":"https:\/\/www.bluecirclehealth.org\/#website"},"datePublished":"2025-04-15T19:20:51+00:00","dateModified":"2025-11-04T15:21:04+00:00","breadcrumb":{"@id":"https:\/\/www.bluecirclehealth.org\/careers\/#breadcrumb"},"inLanguage":"es","potentialAction":[{"@type":"ReadAction","target":["https:\/\/www.bluecirclehealth.org\/careers\/"]}]},{"@type":"BreadcrumbList","@id":"https:\/\/www.bluecirclehealth.org\/careers\/#breadcrumb","itemListElement":[{"@type":"ListItem","position":1,"name":"Home","item":"https:\/\/www.bluecirclehealth.org\/"},{"@type":"ListItem","position":2,"name":"Careers"}]},{"@type":"WebSite","@id":"https:\/\/www.bluecirclehealth.org\/#website","url":"https:\/\/www.bluecirclehealth.org\/","name":"Blue Circle Health","description":"Removing Barriers to Type 1 Diabetes Care","publisher":{"@id":"https:\/\/www.bluecirclehealth.org\/#organization"},"potentialAction":[{"@type":"SearchAction","target":{"@type":"EntryPoint","urlTemplate":"https:\/\/www.bluecirclehealth.org\/?s={search_term_string}"},"query-input":{"@type":"PropertyValueSpecification","valueRequired":true,"valueName":"search_term_string"}}],"inLanguage":"es"},{"@type":"Organization","@id":"https:\/\/www.bluecirclehealth.org\/#organization","name":"Blue Circle Health","url":"https:\/\/www.bluecirclehealth.org\/","logo":{"@type":"ImageObject","inLanguage":"es","@id":"https:\/\/www.bluecirclehealth.org\/#\/schema\/logo\/image\/","url":"https:\/\/www.bluecirclehealth.org\/wp-content\/uploads\/2022\/07\/Blue-Circle-Health-Master-Logos-RGB-Horizontal-Logo-Updated-Orange.svg","contentUrl":"https:\/\/www.bluecirclehealth.org\/wp-content\/uploads\/2022\/07\/Blue-Circle-Health-Master-Logos-RGB-Horizontal-Logo-Updated-Orange.svg","width":853,"height":231,"caption":"Blue Circle Health"},"image":{"@id":"https:\/\/www.bluecirclehealth.org\/#\/schema\/logo\/image\/"},"sameAs":["https:\/\/www.facebook.com\/BlueCircleHealth\/","https:\/\/www.instagram.com\/bluecirclehealth\/","https:\/\/www.linkedin.com\/company\/bluecirclehealth\/","https:\/\/www.tiktok.com\/@bluecirclehealth","https:\/\/www.youtube.com\/@bluecirclehealth"]}]}},"_links":{"self":[{"href":"https:\/\/www.bluecirclehealth.org\/es\/wp-json\/wp\/v2\/pages\/1566","targetHints":{"allow":["GET"]}}],"collection":[{"href":"https:\/\/www.bluecirclehealth.org\/es\/wp-json\/wp\/v2\/pages"}],"about":[{"href":"https:\/\/www.bluecirclehealth.org\/es\/wp-json\/wp\/v2\/types\/page"}],"author":[{"embeddable":true,"href":"https:\/\/www.bluecirclehealth.org\/es\/wp-json\/wp\/v2\/users\/10"}],"replies":[{"embeddable":true,"href":"https:\/\/www.bluecirclehealth.org\/es\/wp-json\/wp\/v2\/comments?post=1566"}],"version-history":[{"count":0,"href":"https:\/\/www.bluecirclehealth.org\/es\/wp-json\/wp\/v2\/pages\/1566\/revisions"}],"wp:attachment":[{"href":"https:\/\/www.bluecirclehealth.org\/es\/wp-json\/wp\/v2\/media?parent=1566"}],"curies":[{"name":"wp","href":"https:\/\/api.w.org\/{rel}","templated":true}]}}