{"id":2124,"date":"2025-06-17T15:23:10","date_gmt":"2025-06-17T15:23:10","guid":{"rendered":"https:\/\/www.bluecirclehealth.org\/?page_id=2124"},"modified":"2025-06-17T15:25:04","modified_gmt":"2025-06-17T15:25:04","slug":"zoho-es","status":"publish","type":"page","link":"https:\/\/www.bluecirclehealth.org\/es\/zoho-es\/","title":{"rendered":"Gracias"},"content":{"rendered":"<div data-elementor-type=\"wp-page\" data-elementor-id=\"2124\" class=\"elementor elementor-2124\" data-elementor-post-type=\"page\">\n\t\t\t\t<div class=\"elementor-element elementor-element-ca26cca e-flex e-con-boxed e-con e-parent\" data-id=\"ca26cca\" data-element_type=\"container\" data-e-type=\"container\">\n\t\t\t\t\t<div class=\"e-con-inner\">\n\t\t\t\t<div class=\"elementor-element elementor-element-91c8222 elementor-widget elementor-widget-text-editor\" data-id=\"91c8222\" data-element_type=\"widget\" data-e-type=\"widget\" data-widget_type=\"text-editor.default\">\n\t\t\t\t<div class=\"elementor-widget-container\">\n\t\t\t\t\t\t\t\t\t<p>Hemos recibido tu informaci\u00f3n, \u00a1gracias!<\/p><p>Recibir\u00e1s una llamada de nuestro equipo del <a href=\"tel:+18884044813\">888-404-4813<\/a> en un plazo de dos d\u00edas h\u00e1biles. Si necesitas ayuda inmediata, llama al 9-1-1 o acude al servicio local de urgencias.<\/p><p>Mientras tanto, ve este breve v\u00eddeo de presentaci\u00f3n para conocer a algunos miembros del equipo y saber m\u00e1s sobre lo que puedes esperar.<\/p>\t\t\t\t\t\t\t\t<\/div>\n\t\t\t\t<\/div>\n\t\t\t\t<div class=\"elementor-element elementor-element-a45fcdd elementor-widget elementor-widget-video\" data-id=\"a45fcdd\" data-element_type=\"widget\" data-e-type=\"widget\" data-settings=\"{&quot;video_type&quot;:&quot;vimeo&quot;}\" data-widget_type=\"video.default\">\n\t\t\t\t<div class=\"elementor-widget-container\">\n\t\t\t\t\t\t\t<div class=\"elementor-wrapper elementor-open-inline\">\n\t\t\t<iframe class=\"elementor-video-iframe\" allowfullscreen allow=\"clipboard-write\" title=\"vimeo Video Player\" src=\"https:\/\/player.vimeo.com\/video\/1000998073?color&amp;autopause=0&amp;loop=0&amp;muted=0&amp;title=1&amp;portrait=1&amp;byline=1#t=\"><\/iframe>\t\t<\/div>\n\t\t\t\t\t\t<\/div>\n\t\t\t\t<\/div>\n\t\t\t\t<div class=\"elementor-element elementor-element-3ca1e2a elementor-widget elementor-widget-text-editor\" data-id=\"3ca1e2a\" data-element_type=\"widget\" data-e-type=\"widget\" data-widget_type=\"text-editor.default\">\n\t\t\t\t<div class=\"elementor-widget-container\">\n\t\t\t\t\t\t\t\t\t<p>Nos sentimos honrados de formar parte de tu viaje con la diabetes tipo 1 y esperamos poder hablar contigo pronto.<\/p><p>Adem\u00e1s, <a href=\"https:\/\/www.bluecirclehealth.org\/es\/t1d-resources\/\">contamos con muchos recursos sobre diabetes tipo 1<\/a> que pueden ser de utilidad. Guarda esta p\u00e1gina para consultarla cuando la necesites.<\/p>\t\t\t\t\t\t\t\t<\/div>\n\t\t\t\t<\/div>\n\t\t\t\t\t<\/div>\n\t\t\t\t<\/div>\n\t\t\t\t<\/div>","protected":false},"excerpt":{"rendered":"<p>Hemos recibido tu informaci\u00f3n, \u00a1gracias! Recibir\u00e1s una llamada de nuestro equipo del 888-404-4813 en un plazo de dos d\u00edas h\u00e1biles. Si necesitas ayuda inmediata, llama al 9-1-1 o acude al servicio local de urgencias. Mientras tanto, ve este breve v\u00eddeo de presentaci\u00f3n para conocer a algunos miembros del equipo y saber m\u00e1s sobre lo que [&hellip;]<\/p>\n","protected":false},"author":10,"featured_media":0,"parent":0,"menu_order":0,"comment_status":"closed","ping_status":"closed","template":"","meta":{"_acf_changed":false,"footnotes":""},"class_list":["post-2124","page","type-page","status-publish","hentry"],"acf":[],"yoast_head":"<!-- This site is optimized with the Yoast SEO plugin v27.5 - https:\/\/yoast.com\/product\/yoast-seo-wordpress\/ -->\n<title>Gracias - Blue Circle Health<\/title>\n<meta name=\"robots\" content=\"index, follow, max-snippet:-1, max-image-preview:large, max-video-preview:-1\" \/>\n<link rel=\"canonical\" href=\"https:\/\/www.bluecirclehealth.org\/es\/zoho-es\/\" \/>\n<meta property=\"og:locale\" content=\"es_ES\" \/>\n<meta property=\"og:type\" content=\"article\" \/>\n<meta property=\"og:title\" content=\"Gracias - Blue Circle Health\" \/>\n<meta property=\"og:description\" content=\"Hemos recibido tu informaci\u00f3n, \u00a1gracias! Recibir\u00e1s una llamada de nuestro equipo del 888-404-4813 en un plazo de dos d\u00edas h\u00e1biles. Si necesitas ayuda inmediata, llama al 9-1-1 o acude al servicio local de urgencias. Mientras tanto, ve este breve v\u00eddeo de presentaci\u00f3n para conocer a algunos miembros del equipo y saber m\u00e1s sobre lo que [&hellip;]\" \/>\n<meta property=\"og:url\" content=\"https:\/\/www.bluecirclehealth.org\/es\/zoho-es\/\" \/>\n<meta property=\"og:site_name\" content=\"Blue Circle Health\" \/>\n<meta property=\"article:publisher\" content=\"https:\/\/www.facebook.com\/BlueCircleHealth\/\" \/>\n<meta property=\"article:modified_time\" content=\"2025-06-17T15:25:04+00:00\" \/>\n<meta name=\"twitter:card\" content=\"summary_large_image\" \/>\n<meta name=\"twitter:label1\" content=\"Tiempo de lectura\" \/>\n\t<meta name=\"twitter:data1\" content=\"1 minuto\" \/>\n<script type=\"application\/ld+json\" class=\"yoast-schema-graph\">{\"@context\":\"https:\\\/\\\/schema.org\",\"@graph\":[{\"@type\":\"WebPage\",\"@id\":\"https:\\\/\\\/www.bluecirclehealth.org\\\/zoho-es\\\/\",\"url\":\"https:\\\/\\\/www.bluecirclehealth.org\\\/zoho-es\\\/\",\"name\":\"Gracias - Blue Circle Health\",\"isPartOf\":{\"@id\":\"https:\\\/\\\/www.bluecirclehealth.org\\\/#website\"},\"datePublished\":\"2025-06-17T15:23:10+00:00\",\"dateModified\":\"2025-06-17T15:25:04+00:00\",\"breadcrumb\":{\"@id\":\"https:\\\/\\\/www.bluecirclehealth.org\\\/zoho-es\\\/#breadcrumb\"},\"inLanguage\":\"es\",\"potentialAction\":[{\"@type\":\"ReadAction\",\"target\":[\"https:\\\/\\\/www.bluecirclehealth.org\\\/zoho-es\\\/\"]}]},{\"@type\":\"BreadcrumbList\",\"@id\":\"https:\\\/\\\/www.bluecirclehealth.org\\\/zoho-es\\\/#breadcrumb\",\"itemListElement\":[{\"@type\":\"ListItem\",\"position\":1,\"name\":\"Home\",\"item\":\"https:\\\/\\\/www.bluecirclehealth.org\\\/\"},{\"@type\":\"ListItem\",\"position\":2,\"name\":\"Gracias\"}]},{\"@type\":\"WebSite\",\"@id\":\"https:\\\/\\\/www.bluecirclehealth.org\\\/#website\",\"url\":\"https:\\\/\\\/www.bluecirclehealth.org\\\/\",\"name\":\"Blue Circle Health\",\"description\":\"Removing Barriers to Type 1 Diabetes Care\",\"publisher\":{\"@id\":\"https:\\\/\\\/www.bluecirclehealth.org\\\/#organization\"},\"potentialAction\":[{\"@type\":\"SearchAction\",\"target\":{\"@type\":\"EntryPoint\",\"urlTemplate\":\"https:\\\/\\\/www.bluecirclehealth.org\\\/?s={search_term_string}\"},\"query-input\":{\"@type\":\"PropertyValueSpecification\",\"valueRequired\":true,\"valueName\":\"search_term_string\"}}],\"inLanguage\":\"es\"},{\"@type\":\"Organization\",\"@id\":\"https:\\\/\\\/www.bluecirclehealth.org\\\/#organization\",\"name\":\"Blue Circle Health\",\"url\":\"https:\\\/\\\/www.bluecirclehealth.org\\\/\",\"logo\":{\"@type\":\"ImageObject\",\"inLanguage\":\"es\",\"@id\":\"https:\\\/\\\/www.bluecirclehealth.org\\\/#\\\/schema\\\/logo\\\/image\\\/\",\"url\":\"https:\\\/\\\/www.bluecirclehealth.org\\\/wp-content\\\/uploads\\\/2022\\\/07\\\/Blue-Circle-Health-Master-Logos-RGB-Horizontal-Logo-Updated-Orange.svg\",\"contentUrl\":\"https:\\\/\\\/www.bluecirclehealth.org\\\/wp-content\\\/uploads\\\/2022\\\/07\\\/Blue-Circle-Health-Master-Logos-RGB-Horizontal-Logo-Updated-Orange.svg\",\"width\":853,\"height\":231,\"caption\":\"Blue Circle Health\"},\"image\":{\"@id\":\"https:\\\/\\\/www.bluecirclehealth.org\\\/#\\\/schema\\\/logo\\\/image\\\/\"},\"sameAs\":[\"https:\\\/\\\/www.facebook.com\\\/BlueCircleHealth\\\/\",\"https:\\\/\\\/www.instagram.com\\\/bluecirclehealth\\\/\",\"https:\\\/\\\/www.linkedin.com\\\/company\\\/bluecirclehealth\\\/\",\"https:\\\/\\\/www.tiktok.com\\\/@bluecirclehealth\",\"https:\\\/\\\/www.youtube.com\\\/@bluecirclehealth\"]}]}<\/script>\n<!-- \/ Yoast SEO plugin. -->","yoast_head_json":{"title":"Gracias - Blue Circle Health","robots":{"index":"index","follow":"follow","max-snippet":"max-snippet:-1","max-image-preview":"max-image-preview:large","max-video-preview":"max-video-preview:-1"},"canonical":"https:\/\/www.bluecirclehealth.org\/es\/zoho-es\/","og_locale":"es_ES","og_type":"article","og_title":"Gracias - Blue Circle Health","og_description":"Hemos recibido tu informaci\u00f3n, \u00a1gracias! Recibir\u00e1s una llamada de nuestro equipo del 888-404-4813 en un plazo de dos d\u00edas h\u00e1biles. Si necesitas ayuda inmediata, llama al 9-1-1 o acude al servicio local de urgencias. Mientras tanto, ve este breve v\u00eddeo de presentaci\u00f3n para conocer a algunos miembros del equipo y saber m\u00e1s sobre lo que [&hellip;]","og_url":"https:\/\/www.bluecirclehealth.org\/es\/zoho-es\/","og_site_name":"Blue Circle Health","article_publisher":"https:\/\/www.facebook.com\/BlueCircleHealth\/","article_modified_time":"2025-06-17T15:25:04+00:00","twitter_card":"summary_large_image","twitter_misc":{"Tiempo de lectura":"1 minuto"},"schema":{"@context":"https:\/\/schema.org","@graph":[{"@type":"WebPage","@id":"https:\/\/www.bluecirclehealth.org\/zoho-es\/","url":"https:\/\/www.bluecirclehealth.org\/zoho-es\/","name":"Gracias - Blue Circle Health","isPartOf":{"@id":"https:\/\/www.bluecirclehealth.org\/#website"},"datePublished":"2025-06-17T15:23:10+00:00","dateModified":"2025-06-17T15:25:04+00:00","breadcrumb":{"@id":"https:\/\/www.bluecirclehealth.org\/zoho-es\/#breadcrumb"},"inLanguage":"es","potentialAction":[{"@type":"ReadAction","target":["https:\/\/www.bluecirclehealth.org\/zoho-es\/"]}]},{"@type":"BreadcrumbList","@id":"https:\/\/www.bluecirclehealth.org\/zoho-es\/#breadcrumb","itemListElement":[{"@type":"ListItem","position":1,"name":"Home","item":"https:\/\/www.bluecirclehealth.org\/"},{"@type":"ListItem","position":2,"name":"Gracias"}]},{"@type":"WebSite","@id":"https:\/\/www.bluecirclehealth.org\/#website","url":"https:\/\/www.bluecirclehealth.org\/","name":"Blue Circle Health","description":"Removing Barriers to Type 1 Diabetes Care","publisher":{"@id":"https:\/\/www.bluecirclehealth.org\/#organization"},"potentialAction":[{"@type":"SearchAction","target":{"@type":"EntryPoint","urlTemplate":"https:\/\/www.bluecirclehealth.org\/?s={search_term_string}"},"query-input":{"@type":"PropertyValueSpecification","valueRequired":true,"valueName":"search_term_string"}}],"inLanguage":"es"},{"@type":"Organization","@id":"https:\/\/www.bluecirclehealth.org\/#organization","name":"Blue Circle Health","url":"https:\/\/www.bluecirclehealth.org\/","logo":{"@type":"ImageObject","inLanguage":"es","@id":"https:\/\/www.bluecirclehealth.org\/#\/schema\/logo\/image\/","url":"https:\/\/www.bluecirclehealth.org\/wp-content\/uploads\/2022\/07\/Blue-Circle-Health-Master-Logos-RGB-Horizontal-Logo-Updated-Orange.svg","contentUrl":"https:\/\/www.bluecirclehealth.org\/wp-content\/uploads\/2022\/07\/Blue-Circle-Health-Master-Logos-RGB-Horizontal-Logo-Updated-Orange.svg","width":853,"height":231,"caption":"Blue Circle Health"},"image":{"@id":"https:\/\/www.bluecirclehealth.org\/#\/schema\/logo\/image\/"},"sameAs":["https:\/\/www.facebook.com\/BlueCircleHealth\/","https:\/\/www.instagram.com\/bluecirclehealth\/","https:\/\/www.linkedin.com\/company\/bluecirclehealth\/","https:\/\/www.tiktok.com\/@bluecirclehealth","https:\/\/www.youtube.com\/@bluecirclehealth"]}]}},"_links":{"self":[{"href":"https:\/\/www.bluecirclehealth.org\/es\/wp-json\/wp\/v2\/pages\/2124","targetHints":{"allow":["GET"]}}],"collection":[{"href":"https:\/\/www.bluecirclehealth.org\/es\/wp-json\/wp\/v2\/pages"}],"about":[{"href":"https:\/\/www.bluecirclehealth.org\/es\/wp-json\/wp\/v2\/types\/page"}],"author":[{"embeddable":true,"href":"https:\/\/www.bluecirclehealth.org\/es\/wp-json\/wp\/v2\/users\/10"}],"replies":[{"embeddable":true,"href":"https:\/\/www.bluecirclehealth.org\/es\/wp-json\/wp\/v2\/comments?post=2124"}],"version-history":[{"count":0,"href":"https:\/\/www.bluecirclehealth.org\/es\/wp-json\/wp\/v2\/pages\/2124\/revisions"}],"wp:attachment":[{"href":"https:\/\/www.bluecirclehealth.org\/es\/wp-json\/wp\/v2\/media?parent=2124"}],"curies":[{"name":"wp","href":"https:\/\/api.w.org\/{rel}","templated":true}]}}