{"id":840,"date":"2023-03-01T22:44:33","date_gmt":"2023-03-01T22:44:33","guid":{"rendered":"https:\/\/www.bluecirclehealth.org\/?page_id=840"},"modified":"2026-01-26T23:57:45","modified_gmt":"2026-01-26T23:57:45","slug":"privacy-policy","status":"publish","type":"page","link":"https:\/\/www.bluecirclehealth.org\/es\/privacy-policy\/","title":{"rendered":"Pol\u00edtica de privacidad web"},"content":{"rendered":"<div data-elementor-type=\"wp-page\" data-elementor-id=\"840\" class=\"elementor elementor-840\" data-elementor-post-type=\"page\">\n\t\t\t\t\t\t<section class=\"elementor-section elementor-top-section elementor-element elementor-element-32eb22af elementor-section-boxed elementor-section-height-default elementor-section-height-default\" data-id=\"32eb22af\" data-element_type=\"section\" data-e-type=\"section\">\n\t\t\t\t\t\t<div class=\"elementor-container elementor-column-gap-default\">\n\t\t\t\t\t<div class=\"elementor-column elementor-col-100 elementor-top-column elementor-element elementor-element-7f89bb30\" data-id=\"7f89bb30\" data-element_type=\"column\" data-e-type=\"column\">\n\t\t\t<div class=\"elementor-widget-wrap elementor-element-populated\">\n\t\t\t\t\t\t<div class=\"elementor-element elementor-element-c1be30d elementor-widget elementor-widget-text-editor\" data-id=\"c1be30d\" data-element_type=\"widget\" data-e-type=\"widget\" data-widget_type=\"text-editor.default\">\n\t\t\t\t<div class=\"elementor-widget-container\">\n\t\t\t\t\t\t\t\t\t<ol type=\"1\">\n<li style=\"list-style-type: none;\">\n<ol type=\"1\"><\/ol>\n<\/li>\n<\/ol>\n<ol type=\"1\">\n<li style=\"list-style-type: none;\">\n<ol type=\"1\">\n<li><b>Resumen<br><\/b>Blue Circle Health (o la \"empresa\") se compromete a proteger la privacidad de su informaci\u00f3n. Esta declaraci\u00f3n de privacidad describe las pr\u00e1cticas de privacidad del sitio web de Blue Circle Health.<\/li>\n<\/ol>\n<\/li>\n<\/ol>\n<p><\/p>\n<ol type=\"1\">\n<li style=\"list-style-type: none;\">\n<ol type=\"1\">\n<li><b>Sitio web regulado<br><\/b>Esta declaraci\u00f3n de privacidad cubre las pr\u00e1cticas de informaci\u00f3n de http(s):\/\/bluecirclehealth.org.<\/li>\n<\/ol>\n<\/li>\n<\/ol>\n<p><\/p>\n<ol type=\"1\">\n<li style=\"list-style-type: none;\">\n<ol type=\"1\">\n<li><b>Informaci\u00f3n recopilada<br><\/b>Blue Circle Health ofrece una serie de servicios que se denominan colectivamente los \"servicios\". Blue Circle Health recopila informaci\u00f3n de las personas que visitan el sitio web de la empresa (\"visitantes\") y de las personas que se registran para utilizar los servicios (\"clientes\"). Al expresar su inter\u00e9s en obtener informaci\u00f3n adicional sobre los servicios, Blue Circle Health le pide que proporcione a la empresa informaci\u00f3n personal de contacto, como el nombre y la direcci\u00f3n de correo electr\u00f3nico (\"Informaci\u00f3n de contacto necesaria\"). Esto se denomina \"datos sobre los clientes de Blue Circle Health\".\n<p>Al navegar por el sitio web de la empresa, Blue Circle Health tambi\u00e9n puede recopilar informaci\u00f3n mediante el uso de herramientas de recopilaci\u00f3n de informaci\u00f3n de uso com\u00fan, como cookies y balizas web (\"informaci\u00f3n de navegaci\u00f3n del sitio web\"). La informaci\u00f3n de navegaci\u00f3n del sitio web incluye informaci\u00f3n est\u00e1ndar de su navegador web (como el tipo de navegador y el idioma del mismo), su direcci\u00f3n de protocolo de Internet (\"IP\") y las acciones que realiza en el sitio web de la empresa (como las p\u00e1ginas web visitadas y los enlaces pulsados).<\/p>\n<\/li>\n<\/ol>\n<\/li>\n<\/ol>\n<p><\/p>\n<ol type=\"1\">\n<li style=\"list-style-type: none;\">\n<ol type=\"1\">\n<li><b>Uso de la informaci\u00f3n recopilada<br><\/b>La empresa utiliza los datos de los clientes de Blue Circle Health para prestar los servicios solicitados. Por ejemplo, si usted rellena un formulario web, la empresa utilizar\u00e1 la informaci\u00f3n proporcionada para ponerse en contacto con usted sobre su inter\u00e9s en los servicios.\n<p>La empresa tambi\u00e9n puede utilizar los datos sobre Blue Circle Health con fines de marketing. Por ejemplo, la empresa puede utilizar la informaci\u00f3n que usted proporcione para ponerse en contacto con usted y hablar de su inter\u00e9s en los servicios y para enviarle informaci\u00f3n sobre la empresa, como informaci\u00f3n sobre promociones o eventos.<\/p>\n<p>Blue Circle Health utiliza la informaci\u00f3n de navegaci\u00f3n del sitio web para operar y mejorar el sitio web de la empresa. La empresa tambi\u00e9n puede utilizar la informaci\u00f3n de navegaci\u00f3n del sitio web sola o en combinaci\u00f3n con los datos sobre los clientes de Blue Circle Health para proporcionar informaci\u00f3n personalizada sobre la empresa.<\/p>\n<\/li>\n<\/ol>\n<\/li>\n<\/ol>\n<p><\/p>\n<ol type=\"1\">\n<li style=\"list-style-type: none;\">\n<ol type=\"1\">\n<li><b>Informaci\u00f3n sobre la navegaci\u00f3n en el sitio web<br><\/b>Blue Circle Health utiliza herramientas de recopilaci\u00f3n de informaci\u00f3n de uso com\u00fan, como cookies y balizas web, para recoger informaci\u00f3n mientras usted navega por el sitio web de la empresa (\"informaci\u00f3n de navegaci\u00f3n del sitio web\"). En esta secci\u00f3n se describen los tipos de informaci\u00f3n de navegaci\u00f3n por el sitio web que pueden recopilarse en el sitio web de la empresa y c\u00f3mo puede utilizarse esta informaci\u00f3n.<br><br><ol class=\"wp-block-list\" start=\"1\" type=\"1\">\n<li style=\"list-style-type: none;\">\n<ol start=\"1\" type=\"1\"><\/ol>\n<\/li>\n<\/ol>\n<ol start=\"1\" type=\"1\">\n<li style=\"list-style-type: none;\">\n<ol start=\"1\" type=\"1\">\n<li><b>Cookies<\/b><br>La empresa utiliza cookies para que las interacciones con el sitio web de la empresa sean f\u00e1ciles y significativas. Cuando usted visita el sitio web de la empresa, los servidores de Blue Circle Health env\u00edan una cookie a su ordenador. Por s\u00ed solas, las cookies no le identifican personalmente. Simplemente reconocen su navegador web. A menos que decida identificarse ante la empresa, ya sea respondiendo a una oferta promocional, abriendo una cuenta o rellenando un formulario web (como el formulario web \"CONNECT\"), permanecer\u00e1 an\u00f3nimo para la empresa. Blue Circle Health utiliza cookies de sesi\u00f3n y persistentes. Las cookies de sesi\u00f3n s\u00f3lo existen durante una sesi\u00f3n. Desaparecen de su ordenador cuando cierra su navegador o apaga su ordenador. Las cookies persistentes permanecen en su ordenador despu\u00e9s de cerrar el navegador o apagar el ordenador.\n<p>Blue Circle Health puede utilizar la informaci\u00f3n de las cookies de sesi\u00f3n y persistentes en combinaci\u00f3n con los datos sobre los clientes de Blue Circle Health para proporcionarle informaci\u00f3n sobre la empresa y los servicios.<\/p>\n<\/li>\n<\/ol>\n<\/li>\n<\/ol>\n<p><\/p>\n<ol start=\"1\" type=\"1\">\n<li style=\"list-style-type: none;\">\n<ol start=\"1\" type=\"1\">\n<li><b>Balizas web<br><\/b>Blue Circle Health puede utilizar balizas web, solas o en combinaci\u00f3n con cookies, para recopilar informaci\u00f3n sobre el uso que hacen los clientes y visitantes del sitio web de la empresa y la interacci\u00f3n con los correos electr\u00f3nicos de la empresa. Las balizas web son im\u00e1genes electr\u00f3nicas claras que pueden reconocer ciertos tipos de informaci\u00f3n en su ordenador, como las cookies, cu\u00e1ndo ha visto un sitio web concreto vinculado a la baliza web y una descripci\u00f3n de un sitio web vinculado a la baliza web. Por ejemplo, Blue Circle Health puede colocar balizas web en los correos electr\u00f3nicos de marketing que notifican a la empresa cuando usted hace clic en un enlace del correo electr\u00f3nico que le dirige a uno de los sitios web de la empresa. Blue Circle Health utiliza balizas web para operar y mejorar el sitio web de la empresa y las comunicaciones por correo electr\u00f3nico.\n<p>Blue Circle Health puede utilizar la informaci\u00f3n de las balizas web en combinaci\u00f3n con los datos sobre los clientes de Blue Circle Health para proporcionarle informaci\u00f3n sobre la empresa y los servicios.<\/p>\n<\/li>\n<\/ol>\n<\/li>\n<\/ol>\n<p><\/p>\n<ol start=\"1\" type=\"1\">\n<li style=\"list-style-type: none;\">\n<ol start=\"1\" type=\"1\">\n<li><b>Cookies de Flash<br><\/b>Blue Circle Health puede utilizar objetos locales compartidos, tambi\u00e9n conocidos como cookies de Flash, para almacenar sus preferencias o mostrar contenido basado en lo que ve en nuestro sitio para personalizar su visita. Los terceros, con los que la empresa se asocia para proporcionar ciertas funciones en nuestro sitio o para mostrar publicidad basada en su actividad de navegaci\u00f3n por la web, utilizan cookies de Flash para recopilar y almacenar informaci\u00f3n.\n<p>Las cookies de Flash se diferencian de las cookies del navegador por la cantidad, el tipo y la forma en que se almacenan los datos. Las herramientas de gesti\u00f3n de cookies proporcionadas por su navegador no eliminar\u00e1n las cookies Flash.<\/p>\n<\/li>\n<\/ol>\n<\/li>\n<\/ol>\n<p><\/p>\n<ol start=\"1\" type=\"1\">\n<li style=\"list-style-type: none;\">\n<ol start=\"1\" type=\"1\">\n<li><b>Direcciones IP<br><\/b>Cuando usted visita el sitio web de Blue Circle Health, la empresa recopila sus direcciones de protocolo de Internet (\"IP\") para rastrear y agregar informaci\u00f3n no personal. Por ejemplo, Blue Circle Health utiliza las direcciones IP para controlar las regiones desde las que los clientes y visitantes navegan por el sitio web de la empresa.<\/li>\n<\/ol>\n<\/li>\n<\/ol>\n<p><\/p>\n<ol start=\"1\" type=\"1\">\n<li style=\"list-style-type: none;\">\n<ol start=\"1\" type=\"1\">\n<li><b>Cookies de terceros<br><\/b>De vez en cuando, Blue Circle Health contrata a terceros para rastrear y analizar el uso y el volumen de informaci\u00f3n estad\u00edstica de las personas que visitan el sitio web de la empresa. Blue Circle Health tambi\u00e9n puede utilizar cookies de terceros para hacer un seguimiento del rendimiento de los anuncios de la empresa. La informaci\u00f3n proporcionada a terceros no incluye informaci\u00f3n personal, pero esta informaci\u00f3n puede volver a asociarse con informaci\u00f3n personal despu\u00e9s de que la empresa la reciba.\n<p>Blue Circle Health tambi\u00e9n puede contratar a redes publicitarias de terceros que recopilan direcciones IP y otros datos de navegaci\u00f3n en el sitio web y los correos electr\u00f3nicos de la empresa y en sitios web de terceros. Las redes publicitarias hacen un seguimiento de sus actividades en l\u00ednea a lo largo del tiempo mediante la recopilaci\u00f3n de informaci\u00f3n de navegaci\u00f3n por el sitio web a trav\u00e9s de medios automatizados, incluido el uso de cookies. Utilizan esta informaci\u00f3n para ofrecer anuncios sobre productos y servicios adaptados a sus intereses. Es posible que vea estos anuncios en otros sitios web. Este proceso tambi\u00e9n nos ayuda a gestionar y controlar la eficacia de nuestros esfuerzos de marketing.<\/p>\n<\/li>\n<\/ol>\n<\/li>\n<\/ol>\n<p><\/p>\n<p><\/p>\n<\/li>\n<\/ol>\n<\/li>\n<\/ol>\n<p><\/p>\n<p><!-- \/wp:list --><!-- wp:list {\"ordered\":true,\"type\":\"1\",\"start\":1} --><\/p>\n<p><!-- \/wp:list --><\/p>\n<p><!-- wp:list {\"ordered\":true,\"type\":\"1\",\"start\":6} --><\/p>\n<ol start=\"6\" type=\"1\">\n<li><b>Foros p\u00fablicos<br><\/b>Blue Circle Health puede ofrecer tablones de anuncios, blogs o salas de chat en la p\u00e1gina web de la empresa. Cualquier informaci\u00f3n personal que decida enviar a estos foros puede ser le\u00edda, recopilada o utilizada por otras personas que visiten estos foros, y puede utilizarse para enviarle mensajes no solicitados. Blue Circle Health no es responsable de la informaci\u00f3n personal que usted decida enviar a estos foros.<\/li>\n<li><b>Compartir la informaci\u00f3n recopilada<br><\/b>Blue Circle Health podr\u00e1 compartir los datos sobre los clientes de Blue Circle Health con los proveedores de servicios de la empresa para que \u00e9stos puedan ponerse en contacto con los clientes y visitantes que hayan facilitado informaci\u00f3n de contacto en nuestro nombre. Blue Circle Health tambi\u00e9n puede compartir datos sobre los clientes de Blue Circle Health con los proveedores de servicios de la empresa para garantizar la calidad de la informaci\u00f3n proporcionada. A menos que se describa en esta declaraci\u00f3n de privacidad, Blue Circle Health no comparte, vende, alquila ni intercambia ninguna informaci\u00f3n proporcionada con terceros para sus fines promocionales.\n<p>De vez en cuando, Blue Circle Health puede asociarse con otras empresas para ofrecer conjuntamente productos o servicios. Si usted expresa espec\u00edficamente su inter\u00e9s en un producto o servicio ofrecido conjuntamente por Blue Circle Health, la empresa podr\u00e1 compartir los datos sobre los clientes de Blue Circle Health recopilados en relaci\u00f3n con su compra o expresi\u00f3n de inter\u00e9s con nuestro(s) socio(s) de promoci\u00f3n conjunta. Blue Circle Health no controla el uso que hacen nuestros socios comerciales de los datos sobre los clientes de Blue Circle Health que recopilamos, y el uso que hagan de la informaci\u00f3n ser\u00e1 conforme a sus propias pol\u00edticas de privacidad. Si no desea que su informaci\u00f3n sea compartida de esta manera, puede optar por no comprar o expresar espec\u00edficamente su inter\u00e9s en un producto o servicio ofrecido conjuntamente.<\/p>\n<p>Blue Circle Health se reserva el derecho a utilizar o divulgar la informaci\u00f3n proporcionada si as\u00ed lo exige la ley o si la empresa cree razonablemente que su uso o divulgaci\u00f3n es necesario para proteger los derechos de la empresa y\/o para cumplir con un procedimiento judicial, una orden de un tribunal o un proceso legal.<\/p>\n<\/li>\n<li><b>Seguridad<\/b><br>Blue Circle Health utiliza medidas de seguridad administrativas, t\u00e9cnicas y f\u00edsicas adecuadas para proteger los datos de los clientes de Blue Circle Health.\n<p><\/p>\n<\/li>\n<li><b>Cambios en esta declaraci\u00f3n de privacidad<\/b><br>Blue Circle Health se reserva el derecho a modificar esta declaraci\u00f3n de privacidad. Blue Circle Health notificar\u00e1 los cambios sustanciales de esta declaraci\u00f3n de privacidad a trav\u00e9s del sitio web de la empresa al menos treinta (30) d\u00edas laborables antes de que el cambio entre en vigor.<\/li>\n<li><b>C\u00f3mo ponerse en contacto con nosotros<br><\/b>Questions regarding this Privacy Statement or the information practices of the Company\u2019s Web site should be directed to info@bluecirclehealth.org or by mailing Blue Circle Health Privacy, 56 Broad St., Suite 14281, Boston, MA 02109..<\/li>\n<\/ol>\n<p><!-- \/wp:list --><\/p>\n<p><\/p>\t\t\t\t\t\t\t\t<\/div>\n\t\t\t\t<\/div>\n\t\t\t\t\t<\/div>\n\t\t<\/div>\n\t\t\t\t\t<\/div>\n\t\t<\/section>\n\t\t\t\t<\/div>","protected":false},"excerpt":{"rendered":"<p>Public ForumsBlue Circle Health may provide bulletin boards, blogs, or chat rooms on the Company\u2019s Web site. Any personal information you choose to submit in such a forum may be read, collected, or used by others who visit these forums, and may be used to send you unsolicited messages. Blue Circle Health is not responsible [&hellip;]<\/p>\n","protected":false},"author":8,"featured_media":0,"parent":0,"menu_order":810,"comment_status":"closed","ping_status":"closed","template":"","meta":{"_acf_changed":false,"footnotes":""},"class_list":["post-840","page","type-page","status-publish","hentry"],"acf":[],"yoast_head":"<!-- This site is optimized with the Yoast SEO plugin v27.4 - https:\/\/yoast.com\/product\/yoast-seo-wordpress\/ -->\n<title>Web Privacy Policy - Blue Circle Health<\/title>\n<meta name=\"robots\" content=\"index, follow, max-snippet:-1, max-image-preview:large, max-video-preview:-1\" \/>\n<link rel=\"canonical\" href=\"https:\/\/www.bluecirclehealth.org\/es\/privacy-policy\/\" \/>\n<meta property=\"og:locale\" content=\"es_ES\" \/>\n<meta property=\"og:type\" content=\"article\" \/>\n<meta property=\"og:title\" content=\"Web Privacy Policy - Blue Circle Health\" \/>\n<meta property=\"og:description\" content=\"Public ForumsBlue Circle Health may provide bulletin boards, blogs, or chat rooms on the Company\u2019s Web site. Any personal information you choose to submit in such a forum may be read, collected, or used by others who visit these forums, and may be used to send you unsolicited messages. Blue Circle Health is not responsible [&hellip;]\" \/>\n<meta property=\"og:url\" content=\"https:\/\/www.bluecirclehealth.org\/es\/privacy-policy\/\" \/>\n<meta property=\"og:site_name\" content=\"Blue Circle Health\" \/>\n<meta property=\"article:publisher\" content=\"https:\/\/www.facebook.com\/BlueCircleHealth\/\" \/>\n<meta property=\"article:modified_time\" content=\"2026-01-26T23:57:45+00:00\" \/>\n<meta name=\"twitter:card\" content=\"summary_large_image\" \/>\n<meta name=\"twitter:label1\" content=\"Tiempo de lectura\" \/>\n\t<meta name=\"twitter:data1\" content=\"7 minutos\" \/>\n<script type=\"application\/ld+json\" class=\"yoast-schema-graph\">{\"@context\":\"https:\\\/\\\/schema.org\",\"@graph\":[{\"@type\":\"WebPage\",\"@id\":\"https:\\\/\\\/www.bluecirclehealth.org\\\/privacy-policy\\\/\",\"url\":\"https:\\\/\\\/www.bluecirclehealth.org\\\/privacy-policy\\\/\",\"name\":\"Web Privacy Policy - Blue Circle Health\",\"isPartOf\":{\"@id\":\"https:\\\/\\\/www.bluecirclehealth.org\\\/#website\"},\"datePublished\":\"2023-03-01T22:44:33+00:00\",\"dateModified\":\"2026-01-26T23:57:45+00:00\",\"breadcrumb\":{\"@id\":\"https:\\\/\\\/www.bluecirclehealth.org\\\/privacy-policy\\\/#breadcrumb\"},\"inLanguage\":\"es\",\"potentialAction\":[{\"@type\":\"ReadAction\",\"target\":[\"https:\\\/\\\/www.bluecirclehealth.org\\\/privacy-policy\\\/\"]}]},{\"@type\":\"BreadcrumbList\",\"@id\":\"https:\\\/\\\/www.bluecirclehealth.org\\\/privacy-policy\\\/#breadcrumb\",\"itemListElement\":[{\"@type\":\"ListItem\",\"position\":1,\"name\":\"Home\",\"item\":\"https:\\\/\\\/www.bluecirclehealth.org\\\/\"},{\"@type\":\"ListItem\",\"position\":2,\"name\":\"Web Privacy Policy\"}]},{\"@type\":\"WebSite\",\"@id\":\"https:\\\/\\\/www.bluecirclehealth.org\\\/#website\",\"url\":\"https:\\\/\\\/www.bluecirclehealth.org\\\/\",\"name\":\"Blue Circle Health\",\"description\":\"Removing Barriers to Type 1 Diabetes Care\",\"publisher\":{\"@id\":\"https:\\\/\\\/www.bluecirclehealth.org\\\/#organization\"},\"potentialAction\":[{\"@type\":\"SearchAction\",\"target\":{\"@type\":\"EntryPoint\",\"urlTemplate\":\"https:\\\/\\\/www.bluecirclehealth.org\\\/?s={search_term_string}\"},\"query-input\":{\"@type\":\"PropertyValueSpecification\",\"valueRequired\":true,\"valueName\":\"search_term_string\"}}],\"inLanguage\":\"es\"},{\"@type\":\"Organization\",\"@id\":\"https:\\\/\\\/www.bluecirclehealth.org\\\/#organization\",\"name\":\"Blue Circle Health\",\"url\":\"https:\\\/\\\/www.bluecirclehealth.org\\\/\",\"logo\":{\"@type\":\"ImageObject\",\"inLanguage\":\"es\",\"@id\":\"https:\\\/\\\/www.bluecirclehealth.org\\\/#\\\/schema\\\/logo\\\/image\\\/\",\"url\":\"https:\\\/\\\/www.bluecirclehealth.org\\\/wp-content\\\/uploads\\\/2022\\\/07\\\/Blue-Circle-Health-Master-Logos-RGB-Horizontal-Logo-Updated-Orange.svg\",\"contentUrl\":\"https:\\\/\\\/www.bluecirclehealth.org\\\/wp-content\\\/uploads\\\/2022\\\/07\\\/Blue-Circle-Health-Master-Logos-RGB-Horizontal-Logo-Updated-Orange.svg\",\"width\":853,\"height\":231,\"caption\":\"Blue Circle Health\"},\"image\":{\"@id\":\"https:\\\/\\\/www.bluecirclehealth.org\\\/#\\\/schema\\\/logo\\\/image\\\/\"},\"sameAs\":[\"https:\\\/\\\/www.facebook.com\\\/BlueCircleHealth\\\/\",\"https:\\\/\\\/www.instagram.com\\\/bluecirclehealth\\\/\",\"https:\\\/\\\/www.linkedin.com\\\/company\\\/bluecirclehealth\\\/\",\"https:\\\/\\\/www.tiktok.com\\\/@bluecirclehealth\",\"https:\\\/\\\/www.youtube.com\\\/@bluecirclehealth\"]}]}<\/script>\n<!-- \/ Yoast SEO plugin. -->","yoast_head_json":{"title":"Web Privacy Policy - Blue Circle Health","robots":{"index":"index","follow":"follow","max-snippet":"max-snippet:-1","max-image-preview":"max-image-preview:large","max-video-preview":"max-video-preview:-1"},"canonical":"https:\/\/www.bluecirclehealth.org\/es\/privacy-policy\/","og_locale":"es_ES","og_type":"article","og_title":"Web Privacy Policy - Blue Circle Health","og_description":"Public ForumsBlue Circle Health may provide bulletin boards, blogs, or chat rooms on the Company\u2019s Web site. Any personal information you choose to submit in such a forum may be read, collected, or used by others who visit these forums, and may be used to send you unsolicited messages. Blue Circle Health is not responsible [&hellip;]","og_url":"https:\/\/www.bluecirclehealth.org\/es\/privacy-policy\/","og_site_name":"Blue Circle Health","article_publisher":"https:\/\/www.facebook.com\/BlueCircleHealth\/","article_modified_time":"2026-01-26T23:57:45+00:00","twitter_card":"summary_large_image","twitter_misc":{"Tiempo de lectura":"7 minutos"},"schema":{"@context":"https:\/\/schema.org","@graph":[{"@type":"WebPage","@id":"https:\/\/www.bluecirclehealth.org\/privacy-policy\/","url":"https:\/\/www.bluecirclehealth.org\/privacy-policy\/","name":"Web Privacy Policy - Blue Circle Health","isPartOf":{"@id":"https:\/\/www.bluecirclehealth.org\/#website"},"datePublished":"2023-03-01T22:44:33+00:00","dateModified":"2026-01-26T23:57:45+00:00","breadcrumb":{"@id":"https:\/\/www.bluecirclehealth.org\/privacy-policy\/#breadcrumb"},"inLanguage":"es","potentialAction":[{"@type":"ReadAction","target":["https:\/\/www.bluecirclehealth.org\/privacy-policy\/"]}]},{"@type":"BreadcrumbList","@id":"https:\/\/www.bluecirclehealth.org\/privacy-policy\/#breadcrumb","itemListElement":[{"@type":"ListItem","position":1,"name":"Home","item":"https:\/\/www.bluecirclehealth.org\/"},{"@type":"ListItem","position":2,"name":"Web Privacy Policy"}]},{"@type":"WebSite","@id":"https:\/\/www.bluecirclehealth.org\/#website","url":"https:\/\/www.bluecirclehealth.org\/","name":"Blue Circle Health","description":"Removing Barriers to Type 1 Diabetes Care","publisher":{"@id":"https:\/\/www.bluecirclehealth.org\/#organization"},"potentialAction":[{"@type":"SearchAction","target":{"@type":"EntryPoint","urlTemplate":"https:\/\/www.bluecirclehealth.org\/?s={search_term_string}"},"query-input":{"@type":"PropertyValueSpecification","valueRequired":true,"valueName":"search_term_string"}}],"inLanguage":"es"},{"@type":"Organization","@id":"https:\/\/www.bluecirclehealth.org\/#organization","name":"Blue Circle Health","url":"https:\/\/www.bluecirclehealth.org\/","logo":{"@type":"ImageObject","inLanguage":"es","@id":"https:\/\/www.bluecirclehealth.org\/#\/schema\/logo\/image\/","url":"https:\/\/www.bluecirclehealth.org\/wp-content\/uploads\/2022\/07\/Blue-Circle-Health-Master-Logos-RGB-Horizontal-Logo-Updated-Orange.svg","contentUrl":"https:\/\/www.bluecirclehealth.org\/wp-content\/uploads\/2022\/07\/Blue-Circle-Health-Master-Logos-RGB-Horizontal-Logo-Updated-Orange.svg","width":853,"height":231,"caption":"Blue Circle Health"},"image":{"@id":"https:\/\/www.bluecirclehealth.org\/#\/schema\/logo\/image\/"},"sameAs":["https:\/\/www.facebook.com\/BlueCircleHealth\/","https:\/\/www.instagram.com\/bluecirclehealth\/","https:\/\/www.linkedin.com\/company\/bluecirclehealth\/","https:\/\/www.tiktok.com\/@bluecirclehealth","https:\/\/www.youtube.com\/@bluecirclehealth"]}]}},"_links":{"self":[{"href":"https:\/\/www.bluecirclehealth.org\/es\/wp-json\/wp\/v2\/pages\/840","targetHints":{"allow":["GET"]}}],"collection":[{"href":"https:\/\/www.bluecirclehealth.org\/es\/wp-json\/wp\/v2\/pages"}],"about":[{"href":"https:\/\/www.bluecirclehealth.org\/es\/wp-json\/wp\/v2\/types\/page"}],"author":[{"embeddable":true,"href":"https:\/\/www.bluecirclehealth.org\/es\/wp-json\/wp\/v2\/users\/8"}],"replies":[{"embeddable":true,"href":"https:\/\/www.bluecirclehealth.org\/es\/wp-json\/wp\/v2\/comments?post=840"}],"version-history":[{"count":0,"href":"https:\/\/www.bluecirclehealth.org\/es\/wp-json\/wp\/v2\/pages\/840\/revisions"}],"wp:attachment":[{"href":"https:\/\/www.bluecirclehealth.org\/es\/wp-json\/wp\/v2\/media?parent=840"}],"curies":[{"name":"wp","href":"https:\/\/api.w.org\/{rel}","templated":true}]}}